{"id":693,"date":"2018-01-17T16:36:39","date_gmt":"2018-01-17T16:36:39","guid":{"rendered":"http:\/\/www.geschichtsverein-mecklenburg.de\/?page_id=693"},"modified":"2019-12-16T12:32:26","modified_gmt":"2019-12-16T12:32:26","slug":"aktuelles-jahrbuch-132-2017","status":"publish","type":"page","link":"https:\/\/www.geschichtsverein-mecklenburg.de\/?page_id=693","title":{"rendered":"Mecklenburgische Jahrb\u00fccher 133 (2018)"},"content":{"rendered":"<h2>Inhaltsverzeichnis<\/h2>\n<h3>Jahrgang\u00a0133 (2018)<\/h3>\n<table style=\"height: 1406px;\" width=\"841\">\n<tbody>\n<tr>\n<td width=\"356\"><strong>Aufs\u00e4tze und Miszellen<\/strong><\/td>\n<td width=\"107\"><strong>\u00a0<\/strong><\/td>\n<\/tr>\n<tr>\n<td width=\"140\">C. Michael Schirren<\/td>\n<td width=\"356\">Policandelon, Nodus und Turibulum Neue Bodenfunde als Zeugnisse der fr\u00fchen Kirchengeschichte Mecklenburgs<\/td>\n<td width=\"107\">7<\/td>\n<\/tr>\n<tr>\n<td width=\"140\">Wolfgang Huschner<\/td>\n<td width=\"356\">1000 Jahre Schwerin: 1018-2018. Fr\u00fcheste Schriftzeugnisse bei Thietmar von Merseburg und Ibr\u0101h\u012bm Ibn Ya\u02bfq\u016bb<\/td>\n<td width=\"107\">25<\/td>\n<\/tr>\n<tr>\n<td width=\"140\">Anselm Pell<\/td>\n<td width=\"356\">Die G\u00fcstrower Hofkapelle 1555-1695<\/td>\n<td width=\"107\">43<\/td>\n<\/tr>\n<tr>\n<td width=\"140\">Bernd Schattinger<\/td>\n<td width=\"356\">In Schwerin gedruckt und verlegt durch Wilhelm B\u00e4rensprung? Erkenntnisse aus einem im Jahr 1738 gef\u00fchrten Rechtsstreit um den Druck und den Verlag des Mecklenburgischen Katechismus<\/td>\n<td width=\"107\">71<\/td>\n<\/tr>\n<tr>\n<td width=\"140\">Ren\u00e9 Wiese<\/td>\n<td width=\"356\">What times! Die Revolution von 1848\/49 in den Tageb\u00fcchern des Erbgro\u00dfherzogs Friedrich Wilhelm von Mecklenburg-Strelitz<\/td>\n<td width=\"107\">87<\/td>\n<\/tr>\n<tr>\n<td width=\"140\">Max Reinhard Jaehn<\/td>\n<td width=\"356\">George Hepworth (1825-1918): Der englisch-deutsche Tastenvirtuose an Mecklenburgs Orgeln<\/td>\n<td width=\"107\">109<\/td>\n<\/tr>\n<tr>\n<td width=\"140\">Bernd Kasten<\/td>\n<td width=\"356\">Obotritenkult und Germanisierungswahn \u2013 Die Slawen im mecklenburgischen Geschichtsbild des 19. und 20. Jahrhunderts<\/td>\n<td width=\"107\">141<\/td>\n<\/tr>\n<tr>\n<td width=\"140\">Christian L\u00fcbcke<\/td>\n<td width=\"356\">100 Jahre Kieler Matrosenaufstand Die vergessene Rolle der mecklenburgischen K\u00fcstenst\u00e4dte bei der Verbreitung der Novemberrevolution von 1918<\/td>\n<td width=\"107\">157<\/td>\n<\/tr>\n<tr>\n<td width=\"140\">Elmar Koch<\/td>\n<td width=\"356\">Die l\u00e4ndliche Siedlung in Mecklenburg w\u00e4hrend der Weimarer Republik<\/td>\n<td width=\"107\">167<\/td>\n<\/tr>\n<tr>\n<td width=\"140\"><em>\u00a0<\/em><\/td>\n<td width=\"356\"><strong>Dokumentation<\/strong><\/td>\n<td width=\"107\"><\/td>\n<\/tr>\n<tr>\n<td width=\"140\">Dieter Greve<\/td>\n<td width=\"356\">Die Entwicklung des Bauernhauses und des Geh\u00f6ftes in einigen D\u00f6rfern des historischen Amtes Boizenburg im 19. und 20. Jahrhundert \u2013 Eine Bestandsanalyse<\/td>\n<td width=\"107\">235<\/td>\n<\/tr>\n<tr>\n<td width=\"140\">Matthias Manke (Hg. u. Einleitung)<\/td>\n<td width=\"356\">Erich Franz: Zwischen H\u00f6rsaal und Fememord. Autobiographische Erinnerungen an Mecklenburg in der ersten H\u00e4lfte der 1920er Jahre<\/td>\n<td width=\"107\">261<\/td>\n<\/tr>\n<tr>\n<td width=\"140\">Ralph Schattkowsky<\/td>\n<td width=\"356\">Laudatio. Ernst M\u00fcnch zum 65. Geburtstag<\/td>\n<td width=\"107\">297<\/td>\n<\/tr>\n<tr>\n<td width=\"140\">Ernst M\u00fcnch<\/td>\n<td width=\"356\">Zwischen Landesuniversit\u00e4t und Landesirrenanstalt Episoden aus f\u00fcnf Jahrzehnten Rostocker Universit\u00e4tsleben (1971-2017)<\/td>\n<td width=\"107\">303<\/td>\n<\/tr>\n<tr>\n<td width=\"140\">Holger Marquardt<\/td>\n<td width=\"356\">Andacht in der Schweriner Schelfkirche aus Anlass der Feier des 45. Gr\u00fcndungsjubil\u00e4ums der Stiftung Mecklenburg am 1. Juni 2018<\/td>\n<td width=\"107\">315<\/td>\n<\/tr>\n<tr>\n<td width=\"140\">Alla Dmytruk<\/td>\n<td width=\"356\">Neuerscheinungen des Jahres 2017 zur mecklenburgischen Geschichte in Auswahl<\/td>\n<td width=\"107\">319<\/td>\n<\/tr>\n<tr>\n<td width=\"140\"><\/td>\n<td width=\"356\"><strong>Vereinsnachrichten<\/strong><\/td>\n<td width=\"107\"><strong>\u00a0<\/strong><\/td>\n<\/tr>\n<tr>\n<td width=\"140\"><\/td>\n<td width=\"356\">T\u00e4tigkeitsbericht des Vereins f\u00fcr mecklenburgische Geschichte und Altertumskunde e. V. f\u00fcr das Jahr 2017<\/td>\n<td width=\"107\">329<\/td>\n<\/tr>\n<tr>\n<td width=\"140\"><\/td>\n<td width=\"356\">Aus der Arbeit der Historischen Kommission f\u00fcr Mecklenburg e. V. 2017<\/td>\n<td width=\"107\">332<\/td>\n<\/tr>\n<tr>\n<td width=\"140\"><\/td>\n<td width=\"356\">Abk\u00fcrzungsverzeichnis<\/td>\n<td width=\"107\">335<\/td>\n<\/tr>\n<\/tbody>\n<\/table>\n<p>&nbsp;<\/p>\n","protected":false},"excerpt":{"rendered":"<p>Inhaltsverzeichnis Jahrgang\u00a0133 (2018) Aufs\u00e4tze und Miszellen \u00a0 C. Michael Schirren Policandelon, Nodus und Turibulum Neue Bodenfunde als Zeugnisse der fr\u00fchen Kirchengeschichte Mecklenburgs 7 Wolfgang Huschner 1000 Jahre Schwerin: 1018-2018. Fr\u00fcheste &hellip; <a class=\"readmore\" href=\"https:\/\/www.geschichtsverein-mecklenburg.de\/?page_id=693\">Continue reading <span class=\"meta-nav\">&rarr;<\/span><\/a><\/p>\n","protected":false},"author":1,"featured_media":0,"parent":582,"menu_order":6,"comment_status":"open","ping_status":"open","template":"","meta":{"footnotes":""},"class_list":["post-693","page","type-page","status-publish","hentry"],"_links":{"self":[{"href":"https:\/\/www.geschichtsverein-mecklenburg.de\/index.php?rest_route=\/wp\/v2\/pages\/693"}],"collection":[{"href":"https:\/\/www.geschichtsverein-mecklenburg.de\/index.php?rest_route=\/wp\/v2\/pages"}],"about":[{"href":"https:\/\/www.geschichtsverein-mecklenburg.de\/index.php?rest_route=\/wp\/v2\/types\/page"}],"author":[{"embeddable":true,"href":"https:\/\/www.geschichtsverein-mecklenburg.de\/index.php?rest_route=\/wp\/v2\/users\/1"}],"replies":[{"embeddable":true,"href":"https:\/\/www.geschichtsverein-mecklenburg.de\/index.php?rest_route=%2Fwp%2Fv2%2Fcomments&post=693"}],"version-history":[{"count":5,"href":"https:\/\/www.geschichtsverein-mecklenburg.de\/index.php?rest_route=\/wp\/v2\/pages\/693\/revisions"}],"predecessor-version":[{"id":788,"href":"https:\/\/www.geschichtsverein-mecklenburg.de\/index.php?rest_route=\/wp\/v2\/pages\/693\/revisions\/788"}],"up":[{"embeddable":true,"href":"https:\/\/www.geschichtsverein-mecklenburg.de\/index.php?rest_route=\/wp\/v2\/pages\/582"}],"wp:attachment":[{"href":"https:\/\/www.geschichtsverein-mecklenburg.de\/index.php?rest_route=%2Fwp%2Fv2%2Fmedia&parent=693"}],"curies":[{"name":"wp","href":"https:\/\/api.w.org\/{rel}","templated":true}]}}