{"id":51,"date":"2010-09-27T10:53:22","date_gmt":"2010-09-27T10:53:22","guid":{"rendered":"http:\/\/test.heimatkunde-mv.de\/?page_id=51"},"modified":"2018-11-01T07:11:30","modified_gmt":"2018-11-01T07:11:30","slug":"mitglied-werden","status":"publish","type":"page","link":"https:\/\/www.geschichtsverein-mecklenburg.de\/?page_id=51","title":{"rendered":"Mitglied werden"},"content":{"rendered":"<p>Wir freuen uns, wenn Sie den Kreis unserer Mitglieder erweitern m\u00f6chten.<\/p>\n<p>Senden Sie dazu den ausgef\u00fcllten Aufnahmeantrag an die Gesch\u00e4ftsstelle des Geschichtsvereins, Graf-Schack-Allee 2, 19053 Schwerin. Sie k\u00f6nnen den Antrag hier als <a href=\"https:\/\/www.geschichtsverein-mecklenburg.de\/wp-content\/uploads\/Aufnahmeantrag.docx\">Word-Dokument<\/a> oder hier als <a href=\"https:\/\/www.geschichtsverein-mecklenburg.de\/wp-content\/uploads\/Aufnahmeantrag.pdf\">pdf-Dokument<\/a> herunterladen.<\/p>\n<p>Laut Beschluss der Mitgliederversammlung gelten ab 01.01.2014 folgende S\u00e4tze:<\/p>\n<table border=\"0\" width=\"558\" cellspacing=\"0\" cellpadding=\"0\">\n<tbody>\n<tr>\n<td valign=\"top\" width=\"487\">Einzelperson<\/td>\n<td valign=\"top\" width=\"71\">45,00 \u20ac<\/td>\n<\/tr>\n<tr>\n<td valign=\"top\" width=\"487\">Einzelperson ohne Jahrbuch-Bezug<\/td>\n<td valign=\"top\" width=\"71\">30,00 \u20ac<\/td>\n<\/tr>\n<tr>\n<td valign=\"top\" width=\"487\">Reduzierter Beitrag (Familienangeh\u00f6rige, Rentner, Pension\u00e4re, Studenten, Auszubildende, Erwerbslose)<\/td>\n<td valign=\"top\" width=\"71\">30,00 \u20ac<\/td>\n<\/tr>\n<tr>\n<td valign=\"top\" width=\"487\">Reduzierter Beitrag ohne Jahrbuch-Bezug<\/td>\n<td valign=\"top\" width=\"71\">15,00 \u20ac<\/td>\n<\/tr>\n<tr>\n<td valign=\"top\" width=\"487\">K\u00f6rperschaften<\/td>\n<td valign=\"top\" width=\"71\">70,00 \u20ac<\/td>\n<\/tr>\n<\/tbody>\n<\/table>\n","protected":false},"excerpt":{"rendered":"<p>Wir freuen uns, wenn Sie den Kreis unserer Mitglieder erweitern m\u00f6chten. Senden Sie dazu den ausgef\u00fcllten Aufnahmeantrag an die Gesch\u00e4ftsstelle des Geschichtsvereins, Graf-Schack-Allee 2, 19053 Schwerin. Sie k\u00f6nnen den Antrag &hellip; <a class=\"readmore\" href=\"https:\/\/www.geschichtsverein-mecklenburg.de\/?page_id=51\">Continue reading <span class=\"meta-nav\">&rarr;<\/span><\/a><\/p>\n","protected":false},"author":1,"featured_media":0,"parent":2,"menu_order":4,"comment_status":"open","ping_status":"closed","template":"","meta":{"footnotes":""},"class_list":["post-51","page","type-page","status-publish","hentry"],"_links":{"self":[{"href":"https:\/\/www.geschichtsverein-mecklenburg.de\/index.php?rest_route=\/wp\/v2\/pages\/51"}],"collection":[{"href":"https:\/\/www.geschichtsverein-mecklenburg.de\/index.php?rest_route=\/wp\/v2\/pages"}],"about":[{"href":"https:\/\/www.geschichtsverein-mecklenburg.de\/index.php?rest_route=\/wp\/v2\/types\/page"}],"author":[{"embeddable":true,"href":"https:\/\/www.geschichtsverein-mecklenburg.de\/index.php?rest_route=\/wp\/v2\/users\/1"}],"replies":[{"embeddable":true,"href":"https:\/\/www.geschichtsverein-mecklenburg.de\/index.php?rest_route=%2Fwp%2Fv2%2Fcomments&post=51"}],"version-history":[{"count":16,"href":"https:\/\/www.geschichtsverein-mecklenburg.de\/index.php?rest_route=\/wp\/v2\/pages\/51\/revisions"}],"predecessor-version":[{"id":745,"href":"https:\/\/www.geschichtsverein-mecklenburg.de\/index.php?rest_route=\/wp\/v2\/pages\/51\/revisions\/745"}],"up":[{"embeddable":true,"href":"https:\/\/www.geschichtsverein-mecklenburg.de\/index.php?rest_route=\/wp\/v2\/pages\/2"}],"wp:attachment":[{"href":"https:\/\/www.geschichtsverein-mecklenburg.de\/index.php?rest_route=%2Fwp%2Fv2%2Fmedia&parent=51"}],"curies":[{"name":"wp","href":"https:\/\/api.w.org\/{rel}","templated":true}]}}