{"id":350,"date":"2012-03-28T16:41:18","date_gmt":"2012-03-28T16:41:18","guid":{"rendered":"http:\/\/test.heimatkunde-mv.de\/?page_id=350"},"modified":"2012-04-04T09:28:09","modified_gmt":"2012-04-04T09:28:09","slug":"mecklenburgische-jahrbucher-2005","status":"publish","type":"page","link":"https:\/\/www.geschichtsverein-mecklenburg.de\/?page_id=350","title":{"rendered":"Mecklenburgische Jahrb\u00fccher 120 (2005)"},"content":{"rendered":"<h2>Inhaltsverzeichnis<\/h2>\n<h3>Jahrgang 120 (2005)<\/h3>\n<table border=\"0\">\n<tbody>\n<tr>\n<td valign=\"top\">Antjekathrin Gra\u00dfmann<\/td>\n<td valign=\"top\">L\u00fcbeck und Rostock: Hansische Konfliktbew\u00e4ltigung im Rahmen der Rostocker Domfehde<\/td>\n<td width=\"70\" valign=\"top\">Seite 7<\/td>\n<\/tr>\n<tr>\n<td valign=\"top\">Ralf-Gunnar Werlich<\/td>\n<td valign=\"top\">Das Wappen der Herzogin Sophia von Sachsen geb. von Mecklenburg und Zeugnisse ihrer Memoria in Torgau<\/td>\n<td width=\"70\" valign=\"top\">Seite 21<\/td>\n<\/tr>\n<tr>\n<td valign=\"top\">Dirk Schleinert<\/td>\n<td valign=\"top\">Die Abl\u00f6sung des Schweriner Bischofszehnten im Archidiakonat Tribsees<\/td>\n<td width=\"70\" valign=\"top\">Seite 33<\/td>\n<\/tr>\n<tr>\n<td valign=\"top\">Norbert Cred\u00e9<\/td>\n<td valign=\"top\">&#8222;Eine besondere [&#8230;] unter unserer Protection neu-angebaute Stadt&#8220;<br \/>\nDie Gr\u00fcndung der Schweriner Neustadt vor 300 Jahren<\/td>\n<td width=\"70\" valign=\"top\">Seite 57<\/td>\n<\/tr>\n<tr>\n<td valign=\"top\">Christoph Schmitt<\/td>\n<td valign=\"top\">Wenn das Geld brennt und der Pfennig heckt. Volkskundlich-numismatische Quellen aus Mecklenburg<\/td>\n<td width=\"70\" valign=\"top\">Seite 87<\/td>\n<\/tr>\n<tr>\n<td valign=\"top\">Gerhard Schlegel<\/td>\n<td valign=\"top\">Das Frauenkloster R\u00fchn &#8211; hier irrte nicht nur G. C. F. Lisch. Zu Quellen des Benediktinerinnenklosters<\/td>\n<td width=\"70\" valign=\"top\">Seite 107<\/td>\n<\/tr>\n<tr>\n<td valign=\"top\">Bernd Kasten<\/td>\n<td valign=\"top\">Die B\u00fcrgerlichen Parteien in Mecklenburg-Schwerin 1918-1926<\/td>\n<td width=\"70\" valign=\"top\">Seite 115<\/td>\n<\/tr>\n<tr>\n<td valign=\"top\">Fred Mrotzek<\/td>\n<td valign=\"top\">Der Kapp-L\u00fcttwitz Putsch im M\u00e4rz 1920<\/td>\n<td width=\"70\" valign=\"top\">Seite 133<\/td>\n<\/tr>\n<tr>\n<td valign=\"top\">Anke John<\/td>\n<td valign=\"top\">Freistaat, Preu\u00dfische Provinz oder Reichsland? Die Selbstbehauptung der mecklenburgischen L\u00e4nder in der Weimarer Republik<\/td>\n<td width=\"70\" valign=\"top\">Seite 157<\/td>\n<\/tr>\n<tr>\n<td valign=\"top\">Stefan Matysiak<\/td>\n<td valign=\"top\">Die Bedeutung traditioneller Verleger beim Neuaufbau der Presse in Mecklenburg-Vorpommern nach dem Zweiten Weltkrieg<\/td>\n<td width=\"70\" valign=\"top\">Seite 175<\/td>\n<\/tr>\n<tr>\n<td valign=\"top\">Andreas R\u00f6pcke<\/td>\n<td valign=\"top\">Bilderhandschriften der Abstammung und Stammfolge des Mecklenburger F\u00fcrstenhauses<\/td>\n<td width=\"70\" valign=\"top\">Seite 199<\/td>\n<\/tr>\n<tr>\n<td valign=\"top\">Norbert Cred\u00e9 (Hg.)<\/td>\n<td valign=\"top\">Deklaration zur Gr\u00fcndung der Neustadt auf der Schelfe bei Schwerin<\/td>\n<td width=\"70\" valign=\"top\">Seite 223<\/td>\n<\/tr>\n<tr>\n<td valign=\"top\">J\u00f6rg Kirschstein<\/td>\n<td valign=\"top\">Cecilienhilfe<\/td>\n<td width=\"70\" valign=\"top\">Seite 237<\/td>\n<\/tr>\n<tr>\n<td valign=\"top\">Bernd Kasten<\/td>\n<td valign=\"top\">Franz J\u00fcttners republikfeindliche Karikaturen in den Mecklenburger Nachrichten im Jahr 1919<\/td>\n<td width=\"70\" valign=\"top\">Seite 239<\/td>\n<\/tr>\n<\/tbody>\n<\/table>\n","protected":false},"excerpt":{"rendered":"<p>Inhaltsverzeichnis Jahrgang 120 (2005) Antjekathrin Gra\u00dfmann L\u00fcbeck und Rostock: Hansische Konfliktbew\u00e4ltigung im Rahmen der Rostocker Domfehde Seite 7 Ralf-Gunnar Werlich Das Wappen der Herzogin Sophia von Sachsen geb. von Mecklenburg &hellip; <a class=\"readmore\" href=\"https:\/\/www.geschichtsverein-mecklenburg.de\/?page_id=350\">Continue reading <span class=\"meta-nav\">&rarr;<\/span><\/a><\/p>\n","protected":false},"author":1,"featured_media":0,"parent":245,"menu_order":3,"comment_status":"open","ping_status":"open","template":"","meta":{"footnotes":""},"class_list":["post-350","page","type-page","status-publish","hentry"],"_links":{"self":[{"href":"https:\/\/www.geschichtsverein-mecklenburg.de\/index.php?rest_route=\/wp\/v2\/pages\/350"}],"collection":[{"href":"https:\/\/www.geschichtsverein-mecklenburg.de\/index.php?rest_route=\/wp\/v2\/pages"}],"about":[{"href":"https:\/\/www.geschichtsverein-mecklenburg.de\/index.php?rest_route=\/wp\/v2\/types\/page"}],"author":[{"embeddable":true,"href":"https:\/\/www.geschichtsverein-mecklenburg.de\/index.php?rest_route=\/wp\/v2\/users\/1"}],"replies":[{"embeddable":true,"href":"https:\/\/www.geschichtsverein-mecklenburg.de\/index.php?rest_route=%2Fwp%2Fv2%2Fcomments&post=350"}],"version-history":[{"count":3,"href":"https:\/\/www.geschichtsverein-mecklenburg.de\/index.php?rest_route=\/wp\/v2\/pages\/350\/revisions"}],"predecessor-version":[{"id":413,"href":"https:\/\/www.geschichtsverein-mecklenburg.de\/index.php?rest_route=\/wp\/v2\/pages\/350\/revisions\/413"}],"up":[{"embeddable":true,"href":"https:\/\/www.geschichtsverein-mecklenburg.de\/index.php?rest_route=\/wp\/v2\/pages\/245"}],"wp:attachment":[{"href":"https:\/\/www.geschichtsverein-mecklenburg.de\/index.php?rest_route=%2Fwp%2Fv2%2Fmedia&parent=350"}],"curies":[{"name":"wp","href":"https:\/\/api.w.org\/{rel}","templated":true}]}}