{"id":327,"date":"2012-03-28T16:23:25","date_gmt":"2012-03-28T16:23:25","guid":{"rendered":"http:\/\/test.heimatkunde-mv.de\/?page_id=327"},"modified":"2012-04-04T07:31:15","modified_gmt":"2012-04-04T07:31:15","slug":"mecklenburgische-jahrbucher-1991","status":"publish","type":"page","link":"https:\/\/www.geschichtsverein-mecklenburg.de\/?page_id=327","title":{"rendered":"Mecklenburgische Jahrb\u00fccher 108 (1991)"},"content":{"rendered":"<h2>Inhaltsverzeichnis<\/h2>\n<h3>Jahrgang 108 (1991)<\/h3>\n<table border=\"1\" cellspacing=\"0\" cellpadding=\"0\" width=\"565\">\n<tbody>\n<tr>\n<td width=\"168\" valign=\"top\">Monika Schaugstat<\/td>\n<td width=\"293\" valign=\"top\">Mittelalterliche Messendarstellungen in Mecklenburg<\/td>\n<td width=\"104\" valign=\"top\">Seite 5<\/td>\n<\/tr>\n<tr>\n<td width=\"168\" valign=\"top\">Christa Prowatke<\/td>\n<td width=\"293\" valign=\"top\">Mecklenburg im Spiegel seiner Quellen. 1. Schriften zur Ordnung des \u00f6ffentlichen Lebens<\/td>\n<td width=\"104\" valign=\"top\">Seite 45<\/td>\n<\/tr>\n<tr>\n<td width=\"168\" valign=\"top\">Sabine Pettke<\/td>\n<td width=\"293\" valign=\"top\">Ein Verzeichnis \u00fcber in Rostock gehaltene Messen in den Jahren 1514-1522<\/td>\n<td width=\"104\" valign=\"top\">Seite 55<\/td>\n<\/tr>\n<tr>\n<td width=\"168\" valign=\"top\">Sabine Pettke<\/td>\n<td width=\"293\" valign=\"top\">Joachim Sl\u00fcters Heirat 1528. Ein Beitrag zur Rostocker Reformationsgeschichte<\/td>\n<td width=\"104\" valign=\"top\">Seite 63<\/td>\n<\/tr>\n<tr>\n<td width=\"168\" valign=\"top\">Sabine Pettke<\/td>\n<td width=\"293\" valign=\"top\">Offene Fragen, Gesichertes und Ungesichertes zu Leben und Wirken Joachim Sl\u00fcters<\/td>\n<td width=\"104\" valign=\"top\">Seite 79<\/td>\n<\/tr>\n<tr>\n<td width=\"168\" valign=\"top\">Helge Bei der Wieden<\/td>\n<td width=\"293\" valign=\"top\">St\u00e4dtisches Gesandtschaftsrecht. Eine Gesandtschaft der Stadt Rostock an K\u00f6nig Christian IV. von D\u00e4nemark im Jahr 1621<\/td>\n<td width=\"104\" valign=\"top\">Seite 91<\/td>\n<\/tr>\n<tr>\n<td width=\"168\" valign=\"top\">Wolfram Hennies<\/td>\n<td width=\"293\" valign=\"top\">Parchimer Zimmerleute zwischen Drei\u00dfigj\u00e4hrigem Krieg und Industrialisierung<\/td>\n<td width=\"104\" valign=\"top\">Seite 107<\/td>\n<\/tr>\n<tr>\n<td width=\"168\" valign=\"top\">Eike Wolgast<\/td>\n<td width=\"293\" valign=\"top\">Ein Mecklenburger auf der Londoner Weltausstellung 1862<\/td>\n<td width=\"104\" valign=\"top\">Seite 119<\/td>\n<\/tr>\n<tr>\n<td width=\"168\" valign=\"top\">Wolf Karge<\/td>\n<td width=\"293\" valign=\"top\">Das Gro\u00dfb\u00fcrgertum in Industrie, Handel und Banken im Gro\u00dfherzogtum Mecklenburg-Schwerin 1871-1914<\/td>\n<td width=\"104\" valign=\"top\">Seite 129<\/td>\n<\/tr>\n<tr>\n<td width=\"168\" valign=\"top\">\u00a0<\/td>\n<td width=\"293\" valign=\"top\">Mitgliederverzeichnis<\/td>\n<td width=\"104\" valign=\"top\">Seite 167<\/td>\n<\/tr>\n<\/tbody>\n<\/table>\n","protected":false},"excerpt":{"rendered":"<p>Inhaltsverzeichnis Jahrgang 108 (1991) Monika Schaugstat Mittelalterliche Messendarstellungen in Mecklenburg Seite 5 Christa Prowatke Mecklenburg im Spiegel seiner Quellen. 1. Schriften zur Ordnung des \u00f6ffentlichen Lebens Seite 45 Sabine Pettke &hellip; <a class=\"readmore\" href=\"https:\/\/www.geschichtsverein-mecklenburg.de\/?page_id=327\">Continue reading <span class=\"meta-nav\">&rarr;<\/span><\/a><\/p>\n","protected":false},"author":1,"featured_media":0,"parent":243,"menu_order":3,"comment_status":"open","ping_status":"open","template":"","meta":{"footnotes":""},"class_list":["post-327","page","type-page","status-publish","hentry"],"_links":{"self":[{"href":"https:\/\/www.geschichtsverein-mecklenburg.de\/index.php?rest_route=\/wp\/v2\/pages\/327"}],"collection":[{"href":"https:\/\/www.geschichtsverein-mecklenburg.de\/index.php?rest_route=\/wp\/v2\/pages"}],"about":[{"href":"https:\/\/www.geschichtsverein-mecklenburg.de\/index.php?rest_route=\/wp\/v2\/types\/page"}],"author":[{"embeddable":true,"href":"https:\/\/www.geschichtsverein-mecklenburg.de\/index.php?rest_route=\/wp\/v2\/users\/1"}],"replies":[{"embeddable":true,"href":"https:\/\/www.geschichtsverein-mecklenburg.de\/index.php?rest_route=%2Fwp%2Fv2%2Fcomments&post=327"}],"version-history":[{"count":5,"href":"https:\/\/www.geschichtsverein-mecklenburg.de\/index.php?rest_route=\/wp\/v2\/pages\/327\/revisions"}],"predecessor-version":[{"id":375,"href":"https:\/\/www.geschichtsverein-mecklenburg.de\/index.php?rest_route=\/wp\/v2\/pages\/327\/revisions\/375"}],"up":[{"embeddable":true,"href":"https:\/\/www.geschichtsverein-mecklenburg.de\/index.php?rest_route=\/wp\/v2\/pages\/243"}],"wp:attachment":[{"href":"https:\/\/www.geschichtsverein-mecklenburg.de\/index.php?rest_route=%2Fwp%2Fv2%2Fmedia&parent=327"}],"curies":[{"name":"wp","href":"https:\/\/api.w.org\/{rel}","templated":true}]}}