{"id":325,"date":"2012-03-28T16:22:46","date_gmt":"2012-03-28T16:22:46","guid":{"rendered":"http:\/\/test.heimatkunde-mv.de\/?page_id=325"},"modified":"2012-04-04T07:29:25","modified_gmt":"2012-04-04T07:29:25","slug":"mecklenburgische-jahrbucher-1989","status":"publish","type":"page","link":"https:\/\/www.geschichtsverein-mecklenburg.de\/?page_id=325","title":{"rendered":"Mecklenburgische Jahrb\u00fccher 107 (1989)"},"content":{"rendered":"<h2>Inhaltsverzeichnis<\/h2>\n<h3>Jahrgang 107 (1989)<\/h3>\n<table border=\"1\" cellspacing=\"0\" cellpadding=\"0\" width=\"565\">\n<tbody>\n<tr>\n<td width=\"168\" valign=\"top\">Hubertus Neusch\u00e4ffer<\/td>\n<td width=\"293\" valign=\"top\">Der Mecklenburger Henning Friedrich Graf von Bassewitz (1680-1749)<\/td>\n<td width=\"104\" valign=\"top\">Seite 7<\/td>\n<\/tr>\n<tr>\n<td width=\"168\" valign=\"top\">Kurt St\u00fcdemann<\/td>\n<td width=\"293\" valign=\"top\">Von den Handwerks\u00e4mtern der B\u00e4cker, Los- und Fastb\u00e4cker in Parchim<\/td>\n<td width=\"104\" valign=\"top\">Seite 21<\/td>\n<\/tr>\n<tr>\n<td width=\"168\" valign=\"top\">Gertrud Schr\u00f6der-Lembke<\/td>\n<td width=\"293\" valign=\"top\">Wirtschaftliche und politische Reformbestrebungen in Mecklenburg vor 1848<\/td>\n<td width=\"104\" valign=\"top\">Seite 33<\/td>\n<\/tr>\n<tr>\n<td width=\"168\" valign=\"top\">Niklot Kl\u00fc\u00dfendorf und Gerd Steinwascher<\/td>\n<td width=\"293\" valign=\"top\">Fr\u00fche Denkmalpflege auf schaumburg-lippischen G\u00fctern in Mecklenburg im 19. Jahrhundert<\/td>\n<td width=\"104\" valign=\"top\">Seite 47<\/td>\n<\/tr>\n<tr>\n<td width=\"168\" valign=\"top\">Raimund Schmidt<\/td>\n<td width=\"293\" valign=\"top\">Bericht \u00fcber Sarkophagsicherung (1986-1988) in den Gr\u00fcften des Domes zu G\u00fcstrow<\/td>\n<td width=\"104\" valign=\"top\">Seite 103<\/td>\n<\/tr>\n<\/tbody>\n<\/table>\n","protected":false},"excerpt":{"rendered":"<p>Inhaltsverzeichnis Jahrgang 107 (1989) Hubertus Neusch\u00e4ffer Der Mecklenburger Henning Friedrich Graf von Bassewitz (1680-1749) Seite 7 Kurt St\u00fcdemann Von den Handwerks\u00e4mtern der B\u00e4cker, Los- und Fastb\u00e4cker in Parchim Seite 21 &hellip; <a class=\"readmore\" href=\"https:\/\/www.geschichtsverein-mecklenburg.de\/?page_id=325\">Continue reading <span class=\"meta-nav\">&rarr;<\/span><\/a><\/p>\n","protected":false},"author":1,"featured_media":0,"parent":243,"menu_order":2,"comment_status":"open","ping_status":"open","template":"","meta":{"footnotes":""},"class_list":["post-325","page","type-page","status-publish","hentry"],"_links":{"self":[{"href":"https:\/\/www.geschichtsverein-mecklenburg.de\/index.php?rest_route=\/wp\/v2\/pages\/325"}],"collection":[{"href":"https:\/\/www.geschichtsverein-mecklenburg.de\/index.php?rest_route=\/wp\/v2\/pages"}],"about":[{"href":"https:\/\/www.geschichtsverein-mecklenburg.de\/index.php?rest_route=\/wp\/v2\/types\/page"}],"author":[{"embeddable":true,"href":"https:\/\/www.geschichtsverein-mecklenburg.de\/index.php?rest_route=\/wp\/v2\/users\/1"}],"replies":[{"embeddable":true,"href":"https:\/\/www.geschichtsverein-mecklenburg.de\/index.php?rest_route=%2Fwp%2Fv2%2Fcomments&post=325"}],"version-history":[{"count":4,"href":"https:\/\/www.geschichtsverein-mecklenburg.de\/index.php?rest_route=\/wp\/v2\/pages\/325\/revisions"}],"predecessor-version":[{"id":394,"href":"https:\/\/www.geschichtsverein-mecklenburg.de\/index.php?rest_route=\/wp\/v2\/pages\/325\/revisions\/394"}],"up":[{"embeddable":true,"href":"https:\/\/www.geschichtsverein-mecklenburg.de\/index.php?rest_route=\/wp\/v2\/pages\/243"}],"wp:attachment":[{"href":"https:\/\/www.geschichtsverein-mecklenburg.de\/index.php?rest_route=%2Fwp%2Fv2%2Fmedia&parent=325"}],"curies":[{"name":"wp","href":"https:\/\/api.w.org\/{rel}","templated":true}]}}