{"id":285,"date":"2012-03-15T15:07:50","date_gmt":"2012-03-15T15:07:50","guid":{"rendered":"http:\/\/test.heimatkunde-mv.de\/?page_id=285"},"modified":"2026-04-14T09:41:07","modified_gmt":"2026-04-14T09:41:07","slug":"literaturempfehlungen","status":"publish","type":"page","link":"https:\/\/www.geschichtsverein-mecklenburg.de\/?page_id=285","title":{"rendered":"Literaturempfehlungen"},"content":{"rendered":"<p>Die nachfolgend aufgef\u00fchrten Titel stellen ein Angebot zur Erlangung eines schnellen und dennoch fundierten \u00dcberblicks \u00fcber die mecklenburgischen Geschichte dar. Diese Literaturauswahl soll einen Einstieg erm\u00f6glichen und keinesfalls eine gezielte Recherche, etwa mit Hilfe der Bibliographien, ersetzen.<\/p>\n<p><strong>Bibliographien<\/strong><\/p>\n<p>Hee\u00df, Wilhelm (Bearb.): Geschichtliche Bibliographie von Mecklenburg (3 Teile), Rostock 1944<\/p>\n<p>Baarck, Gerhard \/ Grewolls, Grete (Bearb.): Geschichtliche Bibliographie von Mecklenburg. Nachtr\u00e4ge, Erg\u00e4nzungen und Berichtigungen, K\u00f6ln u.a. 1992 (Mitteldeutsche Forschungen, Bd. 108)<\/p>\n<p>Mecklenburgische Bibliographie. Regionalbibliographie f\u00fcr das Gebiet der Bezirke Rostock, Schwerin und Neubrandenburg, Berichtsjahre 1945 bis 1964 \u2013 Berichtsjahr 1996, Schwerin 1979-2001<\/p>\n<p>Landesbibliographie Mecklenburg-Vorpommern des Landesamts f\u00fcr Kultur und Denkmalpflege, Abt. Landesbibliothek<br \/>(<a href=\"https:\/\/www.landesbibliographie-mv.de\/\">https:\/\/www.landesbibliographie-mv.de\/<\/a>)<\/p>\n<p><strong>Zeitschriften und Jahrb\u00fccher<\/strong><\/p>\n<p>Mecklenburgische Jahrb\u00fccher (bis 94. Jg. 1930 unter dem Titel Jahrb\u00fccher des Vereins f\u00fcr mecklenburgische Geschichte und Altertumskunde) 1. Jg. 1836\u00a0ff. (wird fortgef\u00fchrt)<br \/>[Digitalversionen: <a href=\"http:\/\/mvdok.lbmv.de\/\">http:\/\/mvdok.lbmv.de\/<\/a> (Jg. 1-104) bzw. <a href=\"https:\/\/doi.org\/10.18453\/rosdok_id00002779\">https:\/\/doi.org\/10.18453\/rosdok_id00002779<\/a> (ab Jg. 105 abgesehen von den beiden j\u00fcngsten Jahrg\u00e4ngen)]<\/p>\n<p>Mecklenburg-Strelitzer Geschichtsbl\u00e4tter 1. Jg. 1925 \u2013 10.\/11. Jg. 1934\/1935<\/p>\n<p>Neubrandenburger Mosaik. Heimatgeschichtliches Jahrbuch des Regionalmuseums Neubrandenburg Nr. 1\u00a0ff. (wird fortgef\u00fchrt)<\/p>\n<p>Stier &amp; Greif. Bl\u00e4tter zur Kultur- und Landesgeschichte in Mecklenburg-Vorpommern 1. Jg. 1991 ff. (wird fortgef\u00fchrt)<\/p>\n<p>Zeitgeschichte regional. Mitteilungen aus Mecklenburg-Vorpommern 1. Jg. 1997 ff. (2 Hefte pro Jahr, wird fortgef\u00fchrt)<\/p>\n<p>Mecklenburgia Sacra. Jahrbuch f\u00fcr Mecklenburgische Kirchengeschichte, 1. Jg. 1998 ff. (wird fortgef\u00fchrt)<\/p>\n<p><strong>Monographien und Sammelb\u00e4nde<\/strong><\/p>\n<p>Behrens, Beate: Mit Hitler zur Macht. Aufstieg des Nationalsozialismus in Mecklenburg und L\u00fcbeck 1922-1933, Rostock 1998<\/p>\n<p>Bei der Wieden, Helge (Bearb.): Grundri\u00df zur deutschen Verwaltungsgeschichte Bd. 13: Mecklenburg, Marburg 1976<\/p>\n<p>Biographisches Lexikon f\u00fcr Mecklenburg, hg. von Sabine Pettke, Bd. 1-4, Rostock 1995 \/ 1999 \/ 2001 \/ 2004 u. Andreas R\u00f6pcke, Bd. 5-6, Rostock 2009 \/ 2011 (wird fortgef\u00fchrt)<\/p>\n<p>Boll, Ernst: Geschichte Meklenburgs mit besonderer Ber\u00fccksichtigung der Culturgeschichte (2 Teile), Neubrandenburg 1855<\/p>\n<p>Brunner, Detlev: Der Schein der Souver\u00e4nit\u00e4t: Landesregierung und Besatzungspolitik in Mecklenburg-Vorpommern 1945-1949, K\u00f6ln 2006<\/p>\n<p>Brunner, Detlev: Die Landesregierung Mecklenburg-Vorpommern unter sowjetischer Besatzung 1945 bis 1949. Bd. 1: Die ernannte Landesverwaltung Mai 1945 bis Dezember 1946, Bremen 2003 (Quellen und Studien aus den Landesarchiven Mecklenburg-Vorpommerns, Bd. 5)<\/p>\n<p>Buddrus, Michael (Bearb.): Mecklenburg im Zweiten Weltkrieg. Die Tagungen des Gauleiters Friedrich Hildebrandt mit den NS-F\u00fchrungsgremien des Gaues Mecklenburg 1939-1945. Eine Edition der Sitzungsprotokolle, Bremen 2009 (Quellen und Studien aus den Landesarchiven Mecklenburg-Vorpommerns, Bd. 10)<\/p>\n<p>Buddrus, Michael \/ Fritzlar, Sigrid: Juden in Mecklenburg 1845-1945. Lebenswege und Schicksale. Ein Gedenkbuch, hg. vom Institut f\u00fcr Zeitgeschichte und der Landeszentrale f\u00fcr politische Bildung Mecklenburg-Vorpommern, 2 Bde., Schwerin 2019<\/p>\n<p>Buddrus, Michael \/ Lorenzen-Schmidt, Angrit: \u00c4rzte in Mecklenburg im Dritten Reich: biographisches Lexikon sowie Studien zu Gesundheitsverh\u00e4ltnissen und Medizinalpolitik 1929 bis 1945, 2 Bde., Bremen 2023<\/p>\n<p>Diekmann, Irene (Hg.): Wegweiser durch das j\u00fcdische Mecklenburg-Vorpommern, Potsdam 1998<\/p>\n<p>Erichsen, Johannes (Hg.): 1000 Jahre Mecklenburg. Geschichte und Kunst einer europ\u00e4ischen Region, Rostock 1995<\/p>\n<p>Geschichtswerkstatt Rostock e. V. \/ Landesheimatverband Mecklenburg-Vorpommern e. V. (Hgg.): Landeskundlich-historisches Lexikon Mecklenburg-Vorpommern, Rostock 2007<\/p>\n<p>Greve, Dieter: Ruthen, Hufen und Erben. Vermessung und Kataster in Mecklenburg und Vorpommern. Eine historische Darstellung zur Entwicklung seit dem 16. Jahrhundert bis zur Einf\u00fchrung von Geobasisinformationssystemen in der Landesvermessung und im Liegenschaftskataster, Schwerin (erweiterte Neufassung als <a href=\"https:\/\/www.laiv-mv.de\/Geoinformation\/Blickpunkte\/Ruthen_Hufen_Erben\">PDF-Datei<\/a>) <br \/>https:\/\/www.laiv-mv.de\/Geoinformation\/Blickpunkte\/Ruthen_Hufen_Erben<\/p>\n<p>Grewolls, Grete: Wer war wer in Mecklenburg-Vorpommern? Ein Personenlexikon, Bremen 1995<\/p>\n<p>Grewolls, Grete: Wer war wer in Mecklenburg und Vorpommern. Das Personenlexikon, Rostock 2011 (E-Book)<\/p>\n<p>Heinrichs, Michael \/ L\u00fcders, Klaus (Red.): Modernisierung und Freiheit. Beitr\u00e4ge zur Demokratiegeschichte in Mecklenburg-Vorpommern, Schwerin 1995<\/p>\n<p>Heitz, Gerhard \/ Rischer, Henning: Geschichte in Daten. Mecklenburg-Vorpommern, M\u00fcnchen \/ Berlin 1995<\/p>\n<p>Hempe, Mechthild: L\u00e4ndliche Gesellschaft in der Krise. Mecklenburg in der Weimarer Republik, K\u00f6ln 2002<\/p>\n<p>Historischer Atlas von Mecklenburg und Pommern, Bd. 1: Mecklenburg-Vorpommern. Das Land im \u00dcberblick \/ Bd. 2: Mecklenburg und Pommern. Das Land im \u00dcberblick, Schwerin 1995<\/p>\n<p>Huschner, Wolfgang\u00a0et al. (Hgg.): Mecklenburgisches Klosterbuch. Handbuch der Kl\u00f6ster, Stifte Kommenden und Prioreien (10.\/11. \u2013 16. Jh.),\u00a02 Bde.,\u00a0Rostock 2017<br \/>(Digitalversion: <a href=\"https:\/\/nbn-resolving.org\/urn:nbn:de:bsz:15-qucosa2-757589\"><span style=\"color: #0563c1; font-family: Calibri; font-size: medium;\">https:\/\/nbn-resolving.org\/urn:nbn:de:bsz:15-qucosa2-757589<\/span><\/a>)<\/p>\n<p>John, Anke: Die Entwicklung der beiden mecklenburgischen Staaten im Spannungsfeld von Landesgrundgesetzlichem Erbvergleich und Bundes- bzw. Reichsverfassung vom Norddeutschen Bund bis zur Weimarer Republik, Rostock 1997<\/p>\n<p>Karge, Wolf \/ M\u00fcnch, Ernst \/ Schmied, Hartmut: Die Geschichte Mecklenburgs, Rostock 1993<\/p>\n<p>Karge, Wolf \/ Rakow, Peter-Joachim \/ Wendt, Ralf (Hg.): Ein Jahrtausend Mecklenburg und Vorpommern. Biographie einer norddeutschen Region in Einzeldarstellungen, Rostock 1995<\/p>\n<p>Kasten, Bernd: Herren und Knechte. Gesellschaftlicher und politischer Wandel in Mecklenburg-Schwerin 1867-1945, Bremen 2011 (Quellen und Studien aus den Landesarchiven Mecklenburg-Vorpommerns, Bd. 11)<\/p>\n<p>Kasten, Bernd \/ Rost, Jens-Uwe: Schwerin &#8211; Geschichte der Stadt, Schwerin 2005<\/p>\n<p>Langer, Kai: \u201eIhr sollt wissen, da\u00df der Norden nicht schl\u00e4ft &#8230;\u201c Zur Geschichte der \u201eWende\u201c in den drei Nordbezirken der DDR, Bremen 1999 (Quellen und Studien aus den Landesarchiven Mecklenburg-Vorpommern, Bd. 3)<\/p>\n<p>Manke, Matthias \/ M\u00fcnch, Ernst (Hg.): Verfassung und Lebenswirklichkeit. Der Landesgrundgesetzliche Erbvergleich von 1755 in seiner Zeit, L\u00fcbeck 2006 (Ver\u00f6ffentlichungen der Historischen Kommission f\u00fcr Mecklenburg, Reihe B Neue Folge: Schriften zur mecklenburgischen Geschichte, Bd. 1)<\/p>\n<p>Manke, Matthias \/ Ostrop, Florian \/ Wiese, Ren\u00e9 (Hg.): Novemberrevolution. Sturz der Monarchie und demokratischer Neubeginn in Mecklenburg 1918\/19, Schwerin 2019 (Ver\u00f6ffentlichungen der Historischen Kommission f\u00fcr Mecklenburg, Reihe B Neue Folge: Schriften zur mecklenburgischen Geschichte, Bd. 7)<\/p>\n<p>Niemann, Mario: Mecklenburgischer Gro\u00dfgrundbesitz im Dritten Reich, K\u00f6ln 2000<\/p>\n<p>Rehberg-Cred\u00e9, Christine: Zum mercklichen Vortheil des Publici. Aus der Geschichte der Industrie- und Handelskammern Neubrandenburg, Rostock und Schwerin, Rostock 2003<\/p>\n<p>Schr\u00f6der, Karsten (Hg.): In deinen Mauern herrsche Eintracht und allgemeines Wohlergehen. Eine Geschichte der Stadt Rostock von ihren Urspr\u00fcngen bis zum Jahre 1990, Rostock 2003<\/p>\n<p>Staatliche Schl\u00f6sser, G\u00e4rten und Kunstsammlungen Mecklenburg-Vorpommern \/\u00a0Landesbibliothek Mecklenburg-Vorpommern G\u00fcnther Uecker \/\u00a0Puntigam, Sigrid\u00a0(Hgg.): Der Mecklenburgische Planschatz. Architekturzeichnungen des 18. Jahrhunderts aus der ehemaligen Plansammlung der Herz\u00f6ge von Mecklenburg-Schwerin, Bd. 1: Essays \/\u00a0Bd. 2: Katalog, Dresden 2020<\/p>\n<p>Stuth, Steffen: H\u00f6fe und Residenzen. Untersuchungen zu den H\u00f6fen der Herz\u00f6ge von Mecklenburg im 16. und 17. Jahrhundert, Bremen 2001 (Quellen und Studien aus den Landesarchiven Mecklenburg-Vorpommerns, Bd. 4)<\/p>\n<p>Vitense, Otto: Geschichte von Mecklenburg, Gotha 1920 [Reprint W\u00fcrzburg 1985, <sup>2<\/sup>1990]<\/p>\n\n\n<p><\/p>\n\n\n\n<p><\/p>\n","protected":false},"excerpt":{"rendered":"<p>Die nachfolgend aufgef\u00fchrten Titel stellen ein Angebot zur Erlangung eines schnellen und dennoch fundierten \u00dcberblicks \u00fcber die mecklenburgischen Geschichte dar. Diese Literaturauswahl soll einen Einstieg erm\u00f6glichen und keinesfalls eine gezielte &hellip; <a class=\"readmore\" href=\"https:\/\/www.geschichtsverein-mecklenburg.de\/?page_id=285\">Continue reading <span class=\"meta-nav\">&rarr;<\/span><\/a><\/p>\n","protected":false},"author":1,"featured_media":0,"parent":207,"menu_order":1,"comment_status":"open","ping_status":"open","template":"","meta":{"footnotes":""},"class_list":["post-285","page","type-page","status-publish","hentry"],"_links":{"self":[{"href":"https:\/\/www.geschichtsverein-mecklenburg.de\/index.php?rest_route=\/wp\/v2\/pages\/285"}],"collection":[{"href":"https:\/\/www.geschichtsverein-mecklenburg.de\/index.php?rest_route=\/wp\/v2\/pages"}],"about":[{"href":"https:\/\/www.geschichtsverein-mecklenburg.de\/index.php?rest_route=\/wp\/v2\/types\/page"}],"author":[{"embeddable":true,"href":"https:\/\/www.geschichtsverein-mecklenburg.de\/index.php?rest_route=\/wp\/v2\/users\/1"}],"replies":[{"embeddable":true,"href":"https:\/\/www.geschichtsverein-mecklenburg.de\/index.php?rest_route=%2Fwp%2Fv2%2Fcomments&post=285"}],"version-history":[{"count":15,"href":"https:\/\/www.geschichtsverein-mecklenburg.de\/index.php?rest_route=\/wp\/v2\/pages\/285\/revisions"}],"predecessor-version":[{"id":1162,"href":"https:\/\/www.geschichtsverein-mecklenburg.de\/index.php?rest_route=\/wp\/v2\/pages\/285\/revisions\/1162"}],"up":[{"embeddable":true,"href":"https:\/\/www.geschichtsverein-mecklenburg.de\/index.php?rest_route=\/wp\/v2\/pages\/207"}],"wp:attachment":[{"href":"https:\/\/www.geschichtsverein-mecklenburg.de\/index.php?rest_route=%2Fwp%2Fv2%2Fmedia&parent=285"}],"curies":[{"name":"wp","href":"https:\/\/api.w.org\/{rel}","templated":true}]}}