{"id":265,"date":"2012-03-15T14:49:07","date_gmt":"2012-03-15T14:49:07","guid":{"rendered":"http:\/\/test.heimatkunde-mv.de\/?page_id=265"},"modified":"2012-04-04T07:33:25","modified_gmt":"2012-04-04T07:33:25","slug":"mecklenburgische-jahrbucher-1996","status":"publish","type":"page","link":"https:\/\/www.geschichtsverein-mecklenburg.de\/?page_id=265","title":{"rendered":"Mecklenburgische Jahrb\u00fccher 111 (1996)"},"content":{"rendered":"<h2>Inhaltsverzeichnis<\/h2>\n<h3>Jahrgang 111 (1996)<\/h3>\n<table border=\"0\">\n<tbody>\n<tr>\n<td valign=\"top\">Nils R\u00fchberg<\/td>\n<td valign=\"top\">Niklot und der obodritische Unabh\u00e4ngigkeitskampf gegen das s\u00e4chsische Herzogtum<\/td>\n<td width=\"70\" valign=\"top\">Seite 5<\/td>\n<\/tr>\n<tr>\n<td valign=\"top\">Joachim St\u00fcben<\/td>\n<td valign=\"top\">Beziehungen der Schweriner Grafenfamilie zum Kloster Uetersen nach einer Urkunde des 13. Jahrhunderts<\/td>\n<td width=\"70\" valign=\"top\">Seite 21<\/td>\n<\/tr>\n<tr>\n<td valign=\"top\">Antje Grewolls<\/td>\n<td valign=\"top\">Die Organisation des mittelalterlichen Pfarrkirchenbaues in den St\u00e4dten Wismar, Rostock, Stralsund und L\u00fcbeck<\/td>\n<td width=\"70\" valign=\"top\">Seite 33<\/td>\n<\/tr>\n<tr>\n<td valign=\"top\">Sabine Pettke<\/td>\n<td valign=\"top\">Dokumente zur reformatorischen Wirksamkeit Johann Oldendorps in Rostock 1530\/31<\/td>\n<td width=\"70\" valign=\"top\">Seite 69<\/td>\n<\/tr>\n<tr>\n<td valign=\"top\">Thomas Elsmann<\/td>\n<td valign=\"top\">Nathan Chytraeus Hodoeporicon itineris dantiscani (1590)<\/td>\n<td width=\"70\" valign=\"top\">Seite 101<\/td>\n<\/tr>\n<tr>\n<td valign=\"top\">Ernst M\u00fcnch<\/td>\n<td valign=\"top\">Mecklenburgisch-vorpommersche Grenzstreitigkeiten<\/td>\n<td width=\"70\" valign=\"top\">Seite 115<\/td>\n<\/tr>\n<tr>\n<td valign=\"top\">Kersten Kr\u00fcger<\/td>\n<td valign=\"top\">Die f\u00fcrstlich-mecklenburgischen Policey-Ordnungen des 16. Jahrhunderts<br \/>\nInnenpolitik und Staatsbildung<\/td>\n<td width=\"70\" valign=\"top\">Seite 131<\/td>\n<\/tr>\n<tr>\n<td valign=\"top\">Horst Kruse<\/td>\n<td valign=\"top\">Der Zinnfund von Behren-L\u00fcbchin<br \/>\nLandkreis G\u00fcstrow<\/td>\n<td width=\"70\" valign=\"top\">Seite 169<\/td>\n<\/tr>\n<tr>\n<td valign=\"top\">Heiko Sch\u00e4fer<\/td>\n<td valign=\"top\">Der Fu\u00dfboden der Rostocker Katharinenkirche aus dem Jahre 1677<\/td>\n<td width=\"70\" valign=\"top\">Seite 183<\/td>\n<\/tr>\n<tr>\n<td valign=\"top\">Wolfgang Virk<\/td>\n<td valign=\"top\">Die Abholung und Heimf\u00fchrung der Prinzessin Louise von Mecklenburg-G\u00fcstrow nach D\u00e4nemark 1695<\/td>\n<td width=\"70\" valign=\"top\">Seite 191<\/td>\n<\/tr>\n<tr>\n<td valign=\"top\">Johannes Gothe<\/td>\n<td valign=\"top\">Zur mecklenburgischen Glaserzeugung<br \/>\ndie H\u00fctten Kritzow und M\u00fcsselmow im 17. und 18. Jahrhundert<\/td>\n<td width=\"70\" valign=\"top\">Seite 213<\/td>\n<\/tr>\n<tr>\n<td valign=\"top\">Erwin Neumann<\/td>\n<td valign=\"top\">Zur geistig-kulturellen Entwicklung der mecklenburgischen Vorderstadt G\u00fcstrow in der zweiten H\u00e4lfte des 18. Jahrhunderts<\/td>\n<td width=\"70\" valign=\"top\">Seite 219<\/td>\n<\/tr>\n<tr>\n<td valign=\"top\">\u00a0<\/td>\n<td valign=\"top\">Rezensionen und Annotationen<\/td>\n<td width=\"70\" valign=\"top\">Seite 237<\/td>\n<\/tr>\n<\/tbody>\n<\/table>\n","protected":false},"excerpt":{"rendered":"<p>Inhaltsverzeichnis Jahrgang 111 (1996) Nils R\u00fchberg Niklot und der obodritische Unabh\u00e4ngigkeitskampf gegen das s\u00e4chsische Herzogtum Seite 5 Joachim St\u00fcben Beziehungen der Schweriner Grafenfamilie zum Kloster Uetersen nach einer Urkunde des &hellip; <a class=\"readmore\" href=\"https:\/\/www.geschichtsverein-mecklenburg.de\/?page_id=265\">Continue reading <span class=\"meta-nav\">&rarr;<\/span><\/a><\/p>\n","protected":false},"author":1,"featured_media":0,"parent":243,"menu_order":6,"comment_status":"open","ping_status":"open","template":"","meta":{"footnotes":""},"class_list":["post-265","page","type-page","status-publish","hentry"],"_links":{"self":[{"href":"https:\/\/www.geschichtsverein-mecklenburg.de\/index.php?rest_route=\/wp\/v2\/pages\/265"}],"collection":[{"href":"https:\/\/www.geschichtsverein-mecklenburg.de\/index.php?rest_route=\/wp\/v2\/pages"}],"about":[{"href":"https:\/\/www.geschichtsverein-mecklenburg.de\/index.php?rest_route=\/wp\/v2\/types\/page"}],"author":[{"embeddable":true,"href":"https:\/\/www.geschichtsverein-mecklenburg.de\/index.php?rest_route=\/wp\/v2\/users\/1"}],"replies":[{"embeddable":true,"href":"https:\/\/www.geschichtsverein-mecklenburg.de\/index.php?rest_route=%2Fwp%2Fv2%2Fcomments&post=265"}],"version-history":[{"count":5,"href":"https:\/\/www.geschichtsverein-mecklenburg.de\/index.php?rest_route=\/wp\/v2\/pages\/265\/revisions"}],"predecessor-version":[{"id":399,"href":"https:\/\/www.geschichtsverein-mecklenburg.de\/index.php?rest_route=\/wp\/v2\/pages\/265\/revisions\/399"}],"up":[{"embeddable":true,"href":"https:\/\/www.geschichtsverein-mecklenburg.de\/index.php?rest_route=\/wp\/v2\/pages\/243"}],"wp:attachment":[{"href":"https:\/\/www.geschichtsverein-mecklenburg.de\/index.php?rest_route=%2Fwp%2Fv2%2Fmedia&parent=265"}],"curies":[{"name":"wp","href":"https:\/\/api.w.org\/{rel}","templated":true}]}}