{"id":256,"date":"2012-03-15T14:40:35","date_gmt":"2012-03-15T14:40:35","guid":{"rendered":"http:\/\/test.heimatkunde-mv.de\/?page_id=256"},"modified":"2024-12-04T09:28:42","modified_gmt":"2024-12-04T09:28:42","slug":"bestellung","status":"publish","type":"page","link":"https:\/\/www.geschichtsverein-mecklenburg.de\/?page_id=256","title":{"rendered":"Bestellung"},"content":{"rendered":"<p>Die Mecklenburgischen Jahrb\u00fccher sind, soweit nicht vergriffen, erh\u00e4ltlich \u00fcber die Gesch\u00e4ftsstelle des Vereins f\u00fcr mecklenburgische Geschichte und Altertumskunde e. V., Graf-Schack-Allee 2, 19053 Schwerin, <strong>kontakt@geschichtsverein-mecklenburg.de<\/strong><\/p>\n<table width=\"77%\">\n<tbody>\n<tr>\n<td width=\"70%\">Mecklenburgische Jahrb\u00fccher 108 (1991)<\/td>\n<td width=\"29%\">15,- \u20ac<\/td>\n<\/tr>\n<tr>\n<td width=\"70%\">Mecklenburgische Jahrb\u00fccher 109 (1993)<\/td>\n<td width=\"29%\">15,- \u20ac<\/td>\n<\/tr>\n<tr>\n<td width=\"70%\">Mecklenburgische Jahrb\u00fccher 110 (1995)<\/td>\n<td width=\"29%\">15,- \u20ac<\/td>\n<\/tr>\n<tr>\n<td width=\"70%\">Mecklenburgische Jahrb\u00fccher 111 (1996)<\/td>\n<td width=\"29%\">15,- \u20ac<\/td>\n<\/tr>\n<tr>\n<td width=\"70%\">Mecklenburgische Jahrb\u00fccher 112 (1997)<\/td>\n<td width=\"29%\">15,- \u20ac<\/td>\n<\/tr>\n<tr>\n<td width=\"70%\">Mecklenburgische Jahrb\u00fccher 113 (1998)<\/td>\n<td width=\"29%\">15,- \u20ac<\/td>\n<\/tr>\n<tr>\n<td width=\"70%\">Mecklenburgische Jahrb\u00fccher 114 (1999)<\/td>\n<td width=\"29%\">15,- \u20ac<\/td>\n<\/tr>\n<tr>\n<td width=\"70%\">Beiheft zu MJB 114 = Festschrift Cordshagen<\/td>\n<td width=\"29%\">15,- \u20ac<\/td>\n<\/tr>\n<tr>\n<td width=\"70%\">Mecklenburgische Jahrb\u00fccher 115 (2000)<\/td>\n<td width=\"29%\">26,- \u20ac<\/td>\n<\/tr>\n<tr>\n<td width=\"70%\">Mecklenburgische Jahrb\u00fccher 116 (2001)<\/td>\n<td width=\"29%\">26,- \u20ac<\/td>\n<\/tr>\n<tr>\n<td width=\"70%\">Mecklenburgische Jahrb\u00fccher 117 (2002)<\/td>\n<td width=\"29%\">26,- \u20ac<\/td>\n<\/tr>\n<tr>\n<td width=\"70%\">Mecklenburgische Jahrb\u00fccher 118 (2003)<\/td>\n<td width=\"29%\">26,- \u20ac<\/td>\n<\/tr>\n<tr>\n<td width=\"70%\">Mecklenburgische Jahrb\u00fccher 119 (2004)<\/td>\n<td width=\"29%\">26,- \u20ac<\/td>\n<\/tr>\n<tr>\n<td width=\"70%\">Mecklenburgische Jahrb\u00fccher 120 (2005)<\/td>\n<td width=\"29%\">26,- \u20ac<\/td>\n<\/tr>\n<tr>\n<td width=\"70%\">Mecklenburgische Jahrb\u00fccher 121 (2006)<\/td>\n<td width=\"29%\">26,- \u20ac<\/td>\n<\/tr>\n<tr>\n<td width=\"70%\">Mecklenburgische Jahrb\u00fccher 122 (2007)<\/td>\n<td width=\"29%\">26,- \u20ac<\/td>\n<\/tr>\n<tr>\n<td width=\"70%\">Mecklenburgische Jahrb\u00fccher 123 (2008)<\/td>\n<td width=\"29%\">26,- \u20ac<\/td>\n<\/tr>\n<tr>\n<td width=\"70%\">Mecklenburgische Jahrb\u00fccher 124 (2009)<\/td>\n<td width=\"29%\">26,- \u20ac<\/td>\n<\/tr>\n<tr>\n<td width=\"70%\">Mecklenburgische Jahrb\u00fccher 125 (2010)<\/td>\n<td width=\"29%\">26,- \u20ac<\/td>\n<\/tr>\n<tr>\n<td width=\"70%\">Mecklenburgische Jahrb\u00fccher 126 (2011)<\/td>\n<td width=\"29%\">26,- \u20ac<\/td>\n<\/tr>\n<tr>\n<td width=\"70%\">Mecklenburgische Jahrb\u00fccher 127 (2012)<\/td>\n<td width=\"29%\">26,- \u20ac<\/td>\n<\/tr>\n<tr>\n<td width=\"70%\">Mecklenburgische Jahrb\u00fccher 128 (2013)<\/td>\n<td width=\"29%\">26,- \u20ac<\/td>\n<\/tr>\n<tr>\n<td width=\"70%\">Mecklenburgische Jahrb\u00fccher 129 (2014)<\/td>\n<td width=\"29%\">26,- \u20ac<\/td>\n<\/tr>\n<tr>\n<td width=\"70%\">Mecklenburgische Jahrb\u00fccher 130 (2015)<\/td>\n<td width=\"29%\">26,- \u20ac<\/td>\n<\/tr>\n<tr>\n<td width=\"70%\">Mecklenburgische Jahrb\u00fccher 131 (2016)<\/td>\n<td width=\"29%\">26,- \u20ac<\/td>\n<\/tr>\n<tr>\n<td width=\"70%\">Mecklenburgische Jahrb\u00fccher 132 (2017)<\/td>\n<td width=\"29%\">26,- \u20ac<\/td>\n<\/tr>\n<tr>\n<td width=\"70%\">Mecklenburgische Jahrb\u00fccher 133 (2018)<\/td>\n<td width=\"29%\">26,- \u20ac<\/td>\n<\/tr>\n<tr>\n<td width=\"70%\">Mecklenburgische Jahrb\u00fccher 134 (2019)<\/td>\n<td width=\"29%\">26,- \u20ac<\/td>\n<\/tr>\n<tr>\n<td width=\"70%\">Register zu den Jahrg\u00e4ngen 61-70<\/td>\n<td width=\"29%\">20,- \u20ac<\/td>\n<\/tr>\n<tr>\n<td width=\"70%\">Register zu den Jahrg\u00e4ngen 71-80<\/td>\n<td width=\"29%\">20,- \u20ac<\/td>\n<\/tr>\n<tr>\n<td width=\"70%\">Register zu den Jahrg\u00e4ngen 81-94<\/td>\n<td width=\"29%\">20,- \u20ac<\/td>\n<\/tr>\n<tr>\n<td width=\"70%\">Register zu den Jahrg\u00e4ngen 95-104<\/td>\n<td width=\"29%\">20,- \u20ac<\/td>\n<\/tr>\n<tr>\n<td width=\"70%\">Gesamtregister zu den Jahrg\u00e4ngen 1-125<\/td>\n<td width=\"29%\">28,- \u20ac<\/td>\n<\/tr>\n<\/tbody>\n<\/table>\n<p>&nbsp;<\/p>\n<p>\u00c4ltere Jahrg\u00e4nge der MJB sind vereinzelt \u00fcber das <a href=\"http:\/\/www.landeshauptarchiv-schwerin.de\/\" target=\"_blank\" rel=\"noopener\">Landeshauptarchiv Schwerin<\/a> zu beziehen (Bestellanfrage an: bibliothek@lakd-mv.de):<\/p>\n<table class=\"mceItemTable\" border=\"0\" cellpadding=\"0\">\n<tbody>\n<tr>\n<td>\n<ul>\n<li>Jgg. 54 (1889) &#8211; 63 (1898); 79 (1914) &#8211; 83 (1918); 90 (1926) &#8211; 102 (1938); Register der Jgg. 11 &#8211; 20; 41 &#8211; 50; 51-60<\/li>\n<\/ul>\n<\/td>\n<td valign=\"top\">zu jeweils EUR 30,- \/ Band<\/td>\n<\/tr>\n<tr>\n<td>\n<ul>\n<li>Jgg. 75 (1910); 88 (1924)<\/li>\n<\/ul>\n<\/td>\n<td>zu jeweils EUR 40,- \/ Band<\/td>\n<\/tr>\n<\/tbody>\n<\/table>\n<p>&nbsp;<\/p>\n","protected":false},"excerpt":{"rendered":"<p>Die Mecklenburgischen Jahrb\u00fccher sind, soweit nicht vergriffen, erh\u00e4ltlich \u00fcber die Gesch\u00e4ftsstelle des Vereins f\u00fcr mecklenburgische Geschichte und Altertumskunde e. V., Graf-Schack-Allee 2, 19053 Schwerin, kontakt@geschichtsverein-mecklenburg.de Mecklenburgische Jahrb\u00fccher 108 (1991) 15,- &hellip; <a class=\"readmore\" href=\"https:\/\/www.geschichtsverein-mecklenburg.de\/?page_id=256\">Continue reading <span class=\"meta-nav\">&rarr;<\/span><\/a><\/p>\n","protected":false},"author":1,"featured_media":0,"parent":10,"menu_order":8,"comment_status":"open","ping_status":"closed","template":"","meta":{"footnotes":""},"class_list":["post-256","page","type-page","status-publish","hentry"],"_links":{"self":[{"href":"https:\/\/www.geschichtsverein-mecklenburg.de\/index.php?rest_route=\/wp\/v2\/pages\/256"}],"collection":[{"href":"https:\/\/www.geschichtsverein-mecklenburg.de\/index.php?rest_route=\/wp\/v2\/pages"}],"about":[{"href":"https:\/\/www.geschichtsverein-mecklenburg.de\/index.php?rest_route=\/wp\/v2\/types\/page"}],"author":[{"embeddable":true,"href":"https:\/\/www.geschichtsverein-mecklenburg.de\/index.php?rest_route=\/wp\/v2\/users\/1"}],"replies":[{"embeddable":true,"href":"https:\/\/www.geschichtsverein-mecklenburg.de\/index.php?rest_route=%2Fwp%2Fv2%2Fcomments&post=256"}],"version-history":[{"count":24,"href":"https:\/\/www.geschichtsverein-mecklenburg.de\/index.php?rest_route=\/wp\/v2\/pages\/256\/revisions"}],"predecessor-version":[{"id":1069,"href":"https:\/\/www.geschichtsverein-mecklenburg.de\/index.php?rest_route=\/wp\/v2\/pages\/256\/revisions\/1069"}],"up":[{"embeddable":true,"href":"https:\/\/www.geschichtsverein-mecklenburg.de\/index.php?rest_route=\/wp\/v2\/pages\/10"}],"wp:attachment":[{"href":"https:\/\/www.geschichtsverein-mecklenburg.de\/index.php?rest_route=%2Fwp%2Fv2%2Fmedia&parent=256"}],"curies":[{"name":"wp","href":"https:\/\/api.w.org\/{rel}","templated":true}]}}