{"id":243,"date":"2012-03-15T14:34:42","date_gmt":"2012-03-15T14:34:42","guid":{"rendered":"http:\/\/test.heimatkunde-mv.de\/?page_id=243"},"modified":"2014-12-05T14:35:53","modified_gmt":"2014-12-05T14:35:53","slug":"jahrbucher-1992-2002","status":"publish","type":"page","link":"https:\/\/www.geschichtsverein-mecklenburg.de\/?page_id=243","title":{"rendered":"Jahrb\u00fccher 1985-2002"},"content":{"rendered":"<p>Mecklenburgische Jahrb\u00fccher 1985<br \/>\n<a href=\"http:\/\/test.heimatkunde-mv.de\/?page_id=323\">Mecklenburgische Jahrb\u00fccher 1987<\/a><br \/>\n<a href=\"http:\/\/test.heimatkunde-mv.de\/?page_id=325\">Mecklenburgische Jahrb\u00fccher 1989<\/a><br \/>\n<a href=\"http:\/\/test.heimatkunde-mv.de\/?page_id=327\">Mecklenburgische Jahrb\u00fccher 1991<\/a><br \/>\n<a href=\"http:\/\/test.heimatkunde-mv.de\/?page_id=239\">Mecklenburgische Jahrb\u00fccher 1993<\/a><br \/>\n<a href=\"http:\/\/test.heimatkunde-mv.de\/?page_id=261\">Mecklenburgische Jahrb\u00fccher 1995<\/a><br \/>\n<a href=\"http:\/\/test.heimatkunde-mv.de\/?page_id=265\">Mecklenburgische Jahrb\u00fccher 1996<\/a><br \/>\n<a href=\"http:\/\/test.heimatkunde-mv.de\/?page_id=267\">Mecklenburgische Jahrb\u00fccher 1997<\/a><br \/>\n<a href=\"http:\/\/test.heimatkunde-mv.de\/?page_id=269\">Mecklenburgische Jahrb\u00fccher 1998<\/a><br \/>\n<a href=\"http:\/\/test.heimatkunde-mv.de\/?page_id=271\">Mecklenburgische Jahrb\u00fccher 1999<\/a><br \/>\n<a href=\"http:\/\/test.heimatkunde-mv.de\/?page_id=274\">Mecklenburgische Jahrb\u00fccher 2000<\/a><br \/>\n<a href=\"http:\/\/test.heimatkunde-mv.de\/?page_id=278\">Mecklenburgische Jahrb\u00fccher 2001<\/a><br \/>\n<a href=\"http:\/\/test.heimatkunde-mv.de\/?page_id=280\">Mecklenburgische Jahrb\u00fccher 2002<\/a><\/p>\n","protected":false},"excerpt":{"rendered":"<p>Mecklenburgische Jahrb\u00fccher 1985 Mecklenburgische Jahrb\u00fccher 1987 Mecklenburgische Jahrb\u00fccher 1989 Mecklenburgische Jahrb\u00fccher 1991 Mecklenburgische Jahrb\u00fccher 1993 Mecklenburgische Jahrb\u00fccher 1995 Mecklenburgische Jahrb\u00fccher 1996 Mecklenburgische Jahrb\u00fccher 1997 Mecklenburgische Jahrb\u00fccher 1998 Mecklenburgische Jahrb\u00fccher 1999 &hellip; <a class=\"readmore\" href=\"https:\/\/www.geschichtsverein-mecklenburg.de\/?page_id=243\">Continue reading <span class=\"meta-nav\">&rarr;<\/span><\/a><\/p>\n","protected":false},"author":1,"featured_media":0,"parent":10,"menu_order":3,"comment_status":"open","ping_status":"open","template":"","meta":{"footnotes":""},"class_list":["post-243","page","type-page","status-publish","hentry"],"_links":{"self":[{"href":"https:\/\/www.geschichtsverein-mecklenburg.de\/index.php?rest_route=\/wp\/v2\/pages\/243"}],"collection":[{"href":"https:\/\/www.geschichtsverein-mecklenburg.de\/index.php?rest_route=\/wp\/v2\/pages"}],"about":[{"href":"https:\/\/www.geschichtsverein-mecklenburg.de\/index.php?rest_route=\/wp\/v2\/types\/page"}],"author":[{"embeddable":true,"href":"https:\/\/www.geschichtsverein-mecklenburg.de\/index.php?rest_route=\/wp\/v2\/users\/1"}],"replies":[{"embeddable":true,"href":"https:\/\/www.geschichtsverein-mecklenburg.de\/index.php?rest_route=%2Fwp%2Fv2%2Fcomments&post=243"}],"version-history":[{"count":10,"href":"https:\/\/www.geschichtsverein-mecklenburg.de\/index.php?rest_route=\/wp\/v2\/pages\/243\/revisions"}],"predecessor-version":[{"id":588,"href":"https:\/\/www.geschichtsverein-mecklenburg.de\/index.php?rest_route=\/wp\/v2\/pages\/243\/revisions\/588"}],"up":[{"embeddable":true,"href":"https:\/\/www.geschichtsverein-mecklenburg.de\/index.php?rest_route=\/wp\/v2\/pages\/10"}],"wp:attachment":[{"href":"https:\/\/www.geschichtsverein-mecklenburg.de\/index.php?rest_route=%2Fwp%2Fv2%2Fmedia&parent=243"}],"curies":[{"name":"wp","href":"https:\/\/api.w.org\/{rel}","templated":true}]}}