{"id":2,"date":"2010-09-27T08:55:13","date_gmt":"2010-09-27T08:55:13","guid":{"rendered":"http:\/\/test.heimatkunde-mv.de\/?page_id=2"},"modified":"2018-05-08T16:50:53","modified_gmt":"2018-05-08T16:50:53","slug":"eine-seite","status":"publish","type":"page","link":"https:\/\/www.geschichtsverein-mecklenburg.de\/?page_id=2","title":{"rendered":"Verein"},"content":{"rendered":"<p><img loading=\"lazy\" decoding=\"async\" class=\"alignnone\" title=\"Matrikelbuch\" src=\"https:\/\/www.geschichtsverein-mecklenburg.de\/wp-content\/uploads\/matrikel.jpg\" alt=\"\" width=\"950\" height=\"290\" \/><\/p>\n<p>Der heutige Verein f\u00fcr mecklenburgische Geschichte und Altertumskunde e. V. steht in der Tradition des 1835 von Georg Christian Friedrich Lisch begr\u00fcndeten Geschichtsvereins, dessen Name er weiterf\u00fchrt. Aufgabe des Vereins ist die F\u00f6rderung und Verbreitung der Geschichte Mecklenburgs. Zu diesem Zweck veranstaltet der Verein in den Monaten September bis April Vortragsabende zu historischen, bau- oder kunstgeschichtlichen sowie arch\u00e4ologischen Themen und bietet im Sommer ein bis zwei Exkursionen an, zu denen neben den Mitgliedern G\u00e4ste ebenfalls willkommen sind. Gelegentlich f\u00fchrt der Verein auch wissenschaftliche Tagungen durch oder beteiligt sich an Veranstaltungen anderer Institutionen. Wissenschaftliches Hauptwerk des Vereins ist die Herausgabe der Reihe der Mecklenburgischen Jahrb\u00fccher, die j\u00e4hrlich im Dezember erscheinen.<\/p>\n","protected":false},"excerpt":{"rendered":"<p>Der heutige Verein f\u00fcr mecklenburgische Geschichte und Altertumskunde e. V. steht in der Tradition des 1835 von Georg Christian Friedrich Lisch begr\u00fcndeten Geschichtsvereins, dessen Name er weiterf\u00fchrt. Aufgabe des Vereins &hellip; <a class=\"readmore\" href=\"https:\/\/www.geschichtsverein-mecklenburg.de\/?page_id=2\">Continue reading <span class=\"meta-nav\">&rarr;<\/span><\/a><\/p>\n","protected":false},"author":1,"featured_media":0,"parent":0,"menu_order":2,"comment_status":"closed","ping_status":"closed","template":"","meta":{"footnotes":""},"class_list":["post-2","page","type-page","status-publish","hentry"],"_links":{"self":[{"href":"https:\/\/www.geschichtsverein-mecklenburg.de\/index.php?rest_route=\/wp\/v2\/pages\/2"}],"collection":[{"href":"https:\/\/www.geschichtsverein-mecklenburg.de\/index.php?rest_route=\/wp\/v2\/pages"}],"about":[{"href":"https:\/\/www.geschichtsverein-mecklenburg.de\/index.php?rest_route=\/wp\/v2\/types\/page"}],"author":[{"embeddable":true,"href":"https:\/\/www.geschichtsverein-mecklenburg.de\/index.php?rest_route=\/wp\/v2\/users\/1"}],"replies":[{"embeddable":true,"href":"https:\/\/www.geschichtsverein-mecklenburg.de\/index.php?rest_route=%2Fwp%2Fv2%2Fcomments&post=2"}],"version-history":[{"count":15,"href":"https:\/\/www.geschichtsverein-mecklenburg.de\/index.php?rest_route=\/wp\/v2\/pages\/2\/revisions"}],"predecessor-version":[{"id":715,"href":"https:\/\/www.geschichtsverein-mecklenburg.de\/index.php?rest_route=\/wp\/v2\/pages\/2\/revisions\/715"}],"wp:attachment":[{"href":"https:\/\/www.geschichtsverein-mecklenburg.de\/index.php?rest_route=%2Fwp%2Fv2%2Fmedia&parent=2"}],"curies":[{"name":"wp","href":"https:\/\/api.w.org\/{rel}","templated":true}]}}